{"id":2,"date":"2018-10-15T07:24:04","date_gmt":"2018-10-15T07:24:04","guid":{"rendered":"http:\/\/claims.dkv.be\/?page_id=2"},"modified":"2018-10-15T13:19:57","modified_gmt":"2018-10-15T13:19:57","slug":"home","status":"publish","type":"page","link":"https:\/\/claims.dkv.be\/fr\/","title":{"rendered":"Home"},"content":{"rendered":"<h1>D\u00e9compte de frais re\u00e7u?<\/h1>\n<h2>Nous vous l\u2019expliquons.<\/h2>\n<p>DKV fait toujours son possible pour vous rembourser dans les meilleurs d\u00e9lais les frais de soins de sant\u00e9 que nous pouvons assurer \u00e0 travers une offre \u00e9tendue de garanties. Nos calculs se font en outre en toute transparence, pour que vous puissiez bien comprendre comment nous sommes arriv\u00e9s au d\u00e9compte final de votre dossier.<\/p>\n","protected":false},"excerpt":{"rendered":"<p>D\u00e9compte de frais re\u00e7u? Nous vous l\u2019expliquons. DKV fait toujours son possible pour vous rembourser dans les meilleurs d\u00e9lais les frais de soins de sant\u00e9 que nous pouvons assurer \u00e0 travers une offre \u00e9tendue de garanties. Nos calculs se font en outre en toute transparence, pour que vous puissiez bien comprendre comment nous sommes arriv\u00e9s [&hellip;]<\/p>\n","protected":false},"author":1,"featured_media":0,"parent":0,"menu_order":0,"comment_status":"closed","ping_status":"open","template":"homepage.php","meta":{"_acf_changed":false,"footnotes":""},"class_list":["post-2","page","type-page","status-publish","hentry"],"acf":[],"aioseo_notices":[],"_links":{"self":[{"href":"https:\/\/claims.dkv.be\/fr\/wp-json\/wp\/v2\/pages\/2","targetHints":{"allow":["GET"]}}],"collection":[{"href":"https:\/\/claims.dkv.be\/fr\/wp-json\/wp\/v2\/pages"}],"about":[{"href":"https:\/\/claims.dkv.be\/fr\/wp-json\/wp\/v2\/types\/page"}],"author":[{"embeddable":true,"href":"https:\/\/claims.dkv.be\/fr\/wp-json\/wp\/v2\/users\/1"}],"replies":[{"embeddable":true,"href":"https:\/\/claims.dkv.be\/fr\/wp-json\/wp\/v2\/comments?post=2"}],"version-history":[{"count":2,"href":"https:\/\/claims.dkv.be\/fr\/wp-json\/wp\/v2\/pages\/2\/revisions"}],"predecessor-version":[{"id":14,"href":"https:\/\/claims.dkv.be\/fr\/wp-json\/wp\/v2\/pages\/2\/revisions\/14"}],"wp:attachment":[{"href":"https:\/\/claims.dkv.be\/fr\/wp-json\/wp\/v2\/media?parent=2"}],"curies":[{"name":"wp","href":"https:\/\/api.w.org\/{rel}","templated":true}]}}